{"id":172,"date":"2017-12-11T09:03:50","date_gmt":"2017-12-11T08:03:50","guid":{"rendered":"https:\/\/infotrain.online\/fr\/?page_id=172"},"modified":"2024-09-13T18:07:44","modified_gmt":"2024-09-13T16:07:44","slug":"luxembourg-metz-nancy-ligne-90-info-trafic","status":"publish","type":"page","link":"https:\/\/infotrain.online\/fr\/luxembourg-metz-nancy-ligne-90-info-trafic\/","title":{"rendered":"Luxembourg &#8211; Metz &#8211; Nancy (Ligne 90) &#8211; Info Trafic"},"content":{"rendered":"<div><style>\nred {color:red;}\n<\/style><br>Mercredi 22 avril 2026 \u00e0 19:30<br><br>- <i style=\"color: red;\">(16:47)<\/i> Le TER 88747 <a href=\"https:\/\/infotrain.online\/fr\/depart-luxembourg-gare-cfl-sncf\" title=\"horaire gare Luxembourg depart trains\">Luxembourg<\/a> 16:16 &rarr;  <a href=\"https:\/\/infotrain.online\/fr\/depart-metz-ville-gare-sncf-cfl\" title=\"horaire gare Metz-Ville depart trains\">Metz-Ville<\/a> 17:14 est en retard confirm\u00e9 de 10 minutes \u00e0 partir de Bettembourg (incident sur un r\u00e9seau ferr\u00e9 \u00e9tranger)<br><br>- <i style=\"color: red;\">(16:12)<\/i> Le TGV 9896 <a href=\"https:\/\/infotrain.online\/fr\/depart-montpellier-st-roch-gare-sncf-cfl\" title=\"horaire gare Montpellier-St-Roch depart trains\">Montpellier-St-Roch<\/a> 06:30 &rarr;  <a href=\"https:\/\/infotrain.online\/fr\/depart-luxembourg-gare-cfl-sncf\" title=\"horaire gare Luxembourg depart trains\">Luxembourg<\/a> 14:15 est en retard confirm\u00e9 de 10 minutes \u00e0 partir de Aix-en-Provence TGV (d\u00e9faut d'alimentation \u00e9lectrique)<br><br>- <i style=\"color: red;\">(14:46)<\/i> Le TER 88739 <a href=\"https:\/\/infotrain.online\/fr\/depart-luxembourg-gare-cfl-sncf\" title=\"horaire gare Luxembourg depart trains\">Luxembourg<\/a> 14:39 &rarr;  <a href=\"https:\/\/infotrain.online\/fr\/depart-metz-ville-gare-sncf-cfl\" title=\"horaire gare Metz-Ville depart trains\">Metz-Ville<\/a> 15:28 est en retard confirm\u00e9 de 10 minutes \u00e0 partir de Luxembourg (r\u00e9utilisation d'un train)<br><br>- <i style=\"color: red;\">(12:46)<\/i> Le TER 88511 <a href=\"https:\/\/infotrain.online\/fr\/depart-metz-ville-gare-sncf-cfl\" title=\"horaire gare Metz-Ville depart trains\">Metz-Ville<\/a> 13:33  &rarr;  <a href=\"https:\/\/infotrain.online\/fr\/depart-luxembourg-gare-cfl-sncf\" title=\"horaire gare Luxembourg depart trains\">Luxembourg<\/a> 14:22 <red>dessert exceptionnellement Nov\u00e9ant-sur-Moselle, Ancy-sur-Moselle, Ars-sur-Moselle (arr\u00eat exceptionnel en gare)<\/red><br><br><\/div>\n<section id=\"cassions-posts-2\" class=\"widget cassions-posts-widget infotrafic-infotrain\">\n<p class=\"blanking\">\n<p class=\"blanking\">\n<div style=\"height: 30px;\"><\/div>\n<h4 class=\"widget-title\">INFOTRAIN PREDICT \u2013 INFO TRAFIC PR\u00c9DICTIF DE LA LIGNE 90 \u2013 NANCY-METZ-LUXEMBOURG<\/h4>\n<p class=\"blanking\">[insert_php]<br \/>\n$ligne = &rsquo;90&rsquo;;<br \/>\ninclude(&lsquo;.\/..\/extract-table-bigdata-trains-lu-predictions.php&rsquo;);<br \/>\n[\/insert_php]<\/p>\n<div><style> \n#rcorners1 {\n    background: #00CAFF;\n    border: 5px solid !important;\n    border-color: #ffffff;\n    width: 50%;\n    text-align: center;\n    vertical-align: middle;\n    color: #ffffff;\n    font-family:verdana;\n    border: 0;\n    text-underline: none;\n    padding-top: 10px;\n    padding-bottom: 10px;\n}\n#rcorners2 {\n    background: #eeeeee;\n    border: 5px solid !important;\n    border-color: #ffffff !important;\n    width: 100%;\n    text-align: center;\n    vertical-align: middle;\n    color: #000000;\n    font-family:verdana;\n    border: 0;\n    text-underline: none;\n    padding-top: 10px;\n    padding-bottom: 10px;\n}\n\ndiv #rcorners1 {\n                \n     border-spacing: 150px 50px !important:   \n        \n    } \n\n\n<\/style>\n<center>\n<div style=\"width: 100%; padding: 20px 10px 10px 0\">\n<h5 id=\"rcorners2\">Voir les d\u00e9parts en gare de la ligne 90<\/h5>\n<div id=\"rcorners1\" style=\"float:left;\"><a target=\"_parent\" href=\"https:\/\/infotrain.online\/fr\/depart-nancy-ville-gare-sncf-cfl\" title=\"gare nancy d\u00e9parts trains cfl sncf\" style=\"color:white; text-decoration:none;\">Nancy-Ville<\/a><\/div>\n<div id=\"rcorners1\" style=\"float:left;\"><a target=\"_parent\" href=\"https:\/\/infotrain.online\/fr\/depart-metz-ville-gare-sncf-cfl\" title=\"gare metz d\u00e9parts trains cfl sncf\" style=\"color:white; text-decoration:none;\">Metz-Ville<\/a><\/div>\n<div id=\"rcorners1\" style=\"float:left;\"><a target=\"_parent\" href=\"https:\/\/infotrain.online\/fr\/depart-thionville-gare-sncf-cfl\" title=\"gare thionville d\u00e9parts trains cfl sncf\" style=\"color:white; text-decoration:none;\">Thionville<\/a><\/div>\n<div id=\"rcorners1\" style=\"float:left;\"><a target=\"_parent\" href=\"https:\/\/infotrain.online\/fr\/depart-uckange-gare-sncf-cfl\" title=\"gare uckange d\u00e9parts trains cfl sncf\" style=\"color:white; text-decoration:none;\">Uckange<\/a><\/div>\n<div id=\"rcorners1\" style=\"float:left;\"><a target=\"_parent\" href=\"https:\/\/infotrain.online\/fr\/depart-hagondange-gare-sncf-cfl\" title=\"gare hagondange d\u00e9parts trains cfl sncf\" style=\"color:white; text-decoration:none;\">Hagondange<\/a><\/div>\n<div id=\"rcorners1\" style=\"float:left;\"><a target=\"_parent\" href=\"https:\/\/infotrain.online\/fr\/depart-hettange-grande-gare-sncf-cfl\" title=\"gare hettange grande d\u00e9parts trains cfl sncf\" style=\"color:white; text-decoration:none;\">Hettange-Grande<\/a><\/div>\n<div id=\"rcorners1\" style=\"float:left;\"><a target=\"_parent\" href=\"https:\/\/infotrain.online\/fr\/depart-woippy-gare-sncf-cfl\" title=\"gare woippy d\u00e9parts trains cfl sncf\" style=\"color:white; text-decoration:none;\">Woippy<\/a><\/div>\n<div style=\"width: 100%; padding: 20px 10px 10px 0\"><\/div>\n<div id=\"rcorners1\" style=\"float:left;\"><a target=\"_parent\" href=\"https:\/\/infotrain.online\/fr\/depart-maizieres-les-metz-gare-sncf-cfl\" title=\"gare maizi\u00e8res les metz d\u00e9parts trains cfl sncf\" style=\"color:white; text-decoration:none;\">Maizi\u00e8res-l\u00e8s-Metz<\/a><\/div>\n<div id=\"rcorners1\" style=\"float:left;\"><a target=\"_parent\" href=\"https:\/\/infotrain.online\/fr\/depart-metz-nord-gare-sncf-cfl-train\" title=\"gare metz-nord d\u00e9parts trains cfl sncf\" style=\"color:white; text-decoration:none;\">Metz-Nord<\/a><\/div>\n<div id=\"rcorners1\" style=\"float:left;\"><a target=\"_parent\" href=\"https:\/\/infotrain.online\/fr\/depart-walygator-parc-gare-sncf-cfl-train\" title=\"gare walygator parc d\u00e9parts trains cfl sncf\" style=\"color:white; text-decoration:none;\">Walygator Parc<\/a><\/div>\n<div id=\"rcorners1\" style=\"float:left;\"><a target=\"_parent\" href=\"https:\/\/infotrain.online\/fr\/depart-pagny-sur-moselle-gare-sncf-cfl-train\" title=\"gare pagny sur moselle d\u00e9parts trains cfl sncf\" style=\"color:white; text-decoration:none;\">Pagny-sur-Moselle<\/a><\/div>\n<div id=\"rcorners1\" style=\"float:left;\"><a target=\"_parent\" href=\"https:\/\/infotrain.online\/fr\/depart-pont-a-mousson-gare-sncf-cfl-train\" title=\"gare pont \u00e0 mousson d\u00e9parts trains cfl sncf\" style=\"color:white; text-decoration:none;\">Pont-\u00e0-Mousson<\/a><\/div>\n<div id=\"rcorners1\" style=\"float:left;\"><a target=\"_parent\" href=\"https:\/\/infotrain.online\/fr\/depart-bettembourg-gare-cfl-sncf\" title=\"gare bettembourg d\u00e9parts trains cfl sncf\" style=\"color:white; text-decoration:none;\">Bettembourg<\/a><\/div>\n<div id=\"rcorners1\" style=\"float:left;\"><a target=\"_parent\" href=\"https:\/\/infotrain.online\/fr\/depart-howald-gare-cfl-sncf\" title=\"gare howald d\u00e9parts trains cfl sncf\" style=\"color:white; text-decoration:none;\">Howald<\/a><\/div>\n<div style=\"width: 100%; padding: 20px 10px 10px 0\"><\/div>\n<div id=\"rcorners1\" style=\"float:left;\"><a target=\"_parent\" href=\"https:\/\/infotrain.online\/fr\/depart-luxembourg-gare-cfl-sncf\" title=\"gare luxembourg d\u00e9parts trains cfl sncf\" style=\"color:white; text-decoration:none;\">Luxembourg<\/a><\/div>\n<div id=\"rcorners1\" style=\"float:left;\"><a target=\"_parent\" href=\"https:\/\/infotrain.online\/fr\/depart-paris-est-gare-sncf-sncb-db\" title=\"gare paris est d\u00e9parts trains sncb db sncf\" style=\"color:white; text-decoration:none;\">Paris-Est<\/a><\/div>\n<\/div>\n<div style=\"width: 100%; padding: 30px 10px 10px 0\">\n<h5 id=\"rcorners2\">Voir les itin\u00e9raires de la ligne 90<\/h5>\n<div id=\"rcorners1\" style=\"float:left;\"><a target=\"_parent\" href=\"https:\/\/infotrain.online\/fr\/itineraire-thionville-luxembourg-trains-sncf-cfl\" title=\"gare thionville luxembourg itin\u00e9raire trains cfl sncf\" style=\"color:white; text-decoration:none;\">Thionville-Luxembourg<\/a><\/div>\n<div id=\"rcorners1\" style=\"float:left;\"><a target=\"_parent\" href=\"https:\/\/infotrain.online\/fr\/itineraire-luxembourg-thionville-trains-sncf-cfl\" title=\"gare luxembourg thionville itin\u00e9raire trains cfl sncf\" style=\"color:white; text-decoration:none;\">Luxembourg-Thionville<\/a><\/div>\n<div id=\"rcorners1\" style=\"float:left;\"><a target=\"_parent\" href=\"https:\/\/infotrain.online\/fr\/itineraire-uckange-luxembourg-trains-sncf-cfl\" title=\"gare uckange luxembourg itin\u00e9raire trains cfl sncf\" style=\"color:white; text-decoration:none;\">Uckange-Luxembourg<\/a><\/div>\n<div id=\"rcorners1\" style=\"float:left;\"><a target=\"_parent\" href=\"https:\/\/infotrain.online\/fr\/itineraire-luxembourg-uckange-trains-sncf-cfl\" title=\"gare luxembourg uckange itin\u00e9raire trains cfl sncf\" style=\"color:white; text-decoration:none;\">Luxembourg-Uckange<\/a><\/div>\n<div id=\"rcorners1\" style=\"float:left;\"><a target=\"_parent\" href=\"https:\/\/infotrain.online\/fr\/itineraire-hagondange-luxembourg-trains-sncf-cfl\" title=\"gare hagondange luxembourg itin\u00e9raire trains cfl sncf\" style=\"color:white; text-decoration:none;\">Hagondange-Luxembourg<\/a><\/div>\n<div style=\"width: 100%; padding: 20px 10px 10px 0\"><\/div>\n<div id=\"rcorners1\" style=\"float:left;\"><a target=\"_parent\" href=\"https:\/\/infotrain.online\/fr\/itineraire-luxembourg-hagondange-trains-sncf-cfl\" title=\"gare luxembourg hagondange itin\u00e9raire trains cfl sncf\" style=\"color:white; text-decoration:none;\">Luxembourg-Hagondange<\/a><\/div>\n<div id=\"rcorners1\" style=\"float:left;\"><a target=\"_parent\" href=\"https:\/\/infotrain.online\/fr\/itineraire-metz-ville-luxembourg-trains-sncf-cfl\" title=\"gare metz ville luxembourg itin\u00e9raire trains cfl sncf\" style=\"color:white; text-decoration:none;\">Metz-Ville-Luxembourg<\/a><\/div>\n<div id=\"rcorners1\" style=\"float:left;\"><a target=\"_parent\" href=\"https:\/\/infotrain.online\/fr\/itineraire-luxembourg-metz-ville-trains-sncf-cfl\" title=\"gare luxembourg metz ville itin\u00e9raire trains cfl sncf\" style=\"color:white; text-decoration:none;\">Luxembourg-Metz-Ville<\/a><\/div>\n<div id=\"rcorners1\" style=\"float:left;\"><a target=\"_parent\" href=\"https:\/\/infotrain.online\/fr\/itineraire-nancy-ville-luxembourg-trains-sncf-cfl\" title=\"gare nancy ville luxembourg itin\u00e9raire trains cfl sncf\" style=\"color:white; text-decoration:none;\">Nancy-Ville-Luxembourg<\/a><\/div>\n<div style=\"width: 100%; padding: 20px 10px 10px 0\"><\/div>\n<div id=\"rcorners1\" style=\"float:left;\"><a target=\"_parent\" href=\"https:\/\/infotrain.online\/fr\/itineraire-luxembourg-nancy-ville-trains-sncf-cfl\" title=\"gare luxembourg nancy ville itin\u00e9raire trains cfl sncf\" style=\"color:white; text-decoration:none;\">Luxembourg-Nancy-Ville<\/a><\/div>\n<div id=\"rcorners1\" style=\"float:left;\"><a target=\"_parent\" href=\"https:\/\/infotrain.online\/fr\/itineraire-hettange-grande-luxembourg-trains-sncf-cfl\" title=\"gare hettange grande luxembourg itin\u00e9raire trains cfl sncf\" style=\"color:white; text-decoration:none;\">Hettange-Grande-Luxembourg<\/a><\/div>\n<div id=\"rcorners1\" style=\"float:left;\"><a target=\"_parent\" href=\"https:\/\/infotrain.online\/fr\/itineraire-luxembourg-hettange-grande-trains-sncf-cfl\" title=\"gare luxembourg hettange grande itin\u00e9raire trains cfl sncf\" style=\"color:white; text-decoration:none;\">Luxembourg-Hettange-Grande<\/a><\/div>\n<div id=\"rcorners1\" style=\"float:left;\"><a target=\"_parent\" href=\"https:\/\/infotrain.online\/fr\/itineraire-metz-ville-howald-trains-sncf-cfl\" title=\"gare metz ville howald itin\u00e9raire trains cfl sncf\" style=\"color:white; text-decoration:none;\">Metz-Ville-Howald<\/a><\/div>\n<div style=\"width: 100%; padding: 20px 10px 10px 0\"><\/div>\n<div id=\"rcorners1\" style=\"float:left;\"><a target=\"_parent\" href=\"https:\/\/infotrain.online\/fr\/itineraire-howald-metz-ville-trains-sncf-cfl\" title=\"gare howald metz ville itin\u00e9raire trains cfl sncf\" style=\"color:white; text-decoration:none;\">Howald-Metz-Ville<\/a><\/div>\n<div id=\"rcorners1\" style=\"float:left;\"><a target=\"_parent\" href=\"https:\/\/infotrain.online\/fr\/itineraire-maizieres-les-metz-luxembourg-trains-sncf-cfl\" title=\"gare maizi\u00e8res les metz luxembourg itin\u00e9raire trains cfl sncf\" style=\"color:white; text-decoration:none;\">Maizi\u00e8res-l\u00e8s-Metz-Luxembourg<\/a><\/div>\n<div id=\"rcorners1\" style=\"float:left;\"><a target=\"_parent\" href=\"https:\/\/infotrain.online\/fr\/itineraire-luxembourg-maizieres-les-metz-trains-sncf-cfl\" title=\"gare luxembourg maiz\u00e8res les metz itin\u00e9raire trains cfl sncf\" style=\"color:white; text-decoration:none;\">Luxembourg-Maizi\u00e8res-l\u00e8s-Metz<\/a><\/div>\n<div id=\"rcorners1\" style=\"float:left;\"><a target=\"_parent\" href=\"https:\/\/infotrain.online\/fr\/itineraire-pont-a-mousson-luxembourg-trains-sncf-cfl\" title=\"gare pont \u00e0 mousson luxembourg itin\u00e9raire trains cfl sncf\" style=\"color:white; text-decoration:none;\">Pont-\u00e0-Mousson-Luxembourg<\/a><\/div>\n<div style=\"width: 100%; padding: 20px 10px 10px 0\"><\/div>\n<div id=\"rcorners1\" style=\"float:left;\"><a target=\"_parent\" href=\"https:\/\/infotrain.online\/fr\/itineraire-luxembourg-pont-a-mousson-trains-sncf-cfl\" title=\"gare luxembourg pont \u00e0 mousson itin\u00e9raire trains cfl sncf\" style=\"color:white; text-decoration:none;\">Luxembourg-Pont-\u00e0-Mousson<\/a><\/div>\n<div id=\"rcorners1\" style=\"float:left;\"><a target=\"_parent\" href=\"https:\/\/infotrain.online\/fr\/itineraire-thionville-howald-trains-sncf-cfl\" title=\"gare thionville howald itin\u00e9raire trains cfl sncf\" style=\"color:white; text-decoration:none;\">Thionville-Howald<\/a><\/div>\n<div id=\"rcorners1\" style=\"float:left;\"><a target=\"_parent\" href=\"https:\/\/infotrain.online\/fr\/itineraire-howald-thionville-trains-sncf-cfl\" title=\"gare howald thionville itin\u00e9raire trains cfl sncf\" style=\"color:white; text-decoration:none;\">Howald-Thionville<\/a><\/div>\n<div id=\"rcorners1\" style=\"float:left;\"><a target=\"_parent\" href=\"https:\/\/infotrain.online\/fr\/itineraire-thionville-bettembourg-trains-sncf-cfl\" title=\"gare thionville bettembourg itin\u00e9raire trains cfl sncf\" style=\"color:white; text-decoration:none;\">Thionville-Bettembourg<\/a><\/div>\n<div id=\"rcorners1\" style=\"float:left;\"><a target=\"_parent\" href=\"https:\/\/infotrain.online\/fr\/itineraire-bettembourg-thionville-trains-sncf-cfl\" title=\"gare bettembourg thionville itin\u00e9raire trains cfl sncf\" style=\"color:white; text-decoration:none;\">Bettembourg-Thionville<\/a><\/div>\n<div style=\"width: 100%; padding: 20px 10px 10px 0\"><\/div>\n<div id=\"rcorners1\" style=\"float:left;\"><a target=\"_parent\" href=\"https:\/\/infotrain.online\/fr\/itineraire-metz-ville-bettembourg-trains-sncf-cfl\" title=\"gare metz ville bettembourg itin\u00e9raire trains cfl sncf\" style=\"color:white; text-decoration:none;\">Metz-Ville-Bettembourg<\/a><\/div>\n<div id=\"rcorners1\" style=\"float:left;\"><a target=\"_parent\" href=\"https:\/\/infotrain.online\/fr\/itineraire-bettembourg-metz-ville-trains-sncf-cfl\" title=\"gare bettembourg metz ville itin\u00e9raire trains cfl sncf\" style=\"color:white; text-decoration:none;\">Bettembourg-Metz-Ville<\/a><\/div>\n<div id=\"rcorners1\" style=\"float:left;\"><a target=\"_parent\" href=\"https:\/\/infotrain.online\/fr\/itineraire-pont-a-mousson-nancy-ville-trains-sncf-cfl\" title=\"gare pont a mousson nancy ville itin\u00e9raire trains cfl sncf\" style=\"color:white; text-decoration:none;\">Pont-\u00e0-Mousson-Nancy-Ville<\/a><\/div>\n<div id=\"rcorners1\" style=\"float:left;\"><a target=\"_parent\" href=\"https:\/\/infotrain.online\/fr\/itineraire-nancy-ville-pont-a-mousson-trains-sncf-cfl\" title=\"nancy ville pont a mousson itin\u00e9raire trains cfl sncf\" style=\"color:white; text-decoration:none;\">Nancy-Ville-Pont-\u00e0-Mousson<\/a><\/div>\n<div style=\"width: 100%; padding: 20px 10px 10px 0\"><\/div>\n<div id=\"rcorners1\" style=\"float:left;\"><a target=\"_parent\" href=\"https:\/\/infotrain.online\/fr\/itineraire-uckange-metz-ville-trains-sncf-cfl\" title=\"gare uckange metz ville itin\u00e9raire trains cfl sncf\" style=\"color:white; text-decoration:none;\">Uckange-Metz-Ville<\/a><\/div>\n<div id=\"rcorners1\" style=\"float:left;\"><a target=\"_parent\" href=\"https:\/\/infotrain.online\/fr\/itineraire-metz-ville-uckange-trains-sncf-cfl\" title=\"gare metz ville uckange itin\u00e9raire trains cfl sncf\" style=\"color:white; text-decoration:none;\">Metz-Ville-Uckange<\/a><\/div>\n<div id=\"rcorners1\" style=\"float:left;\"><a target=\"_parent\" href=\"https:\/\/infotrain.online\/fr\/itineraire-nancy-ville-metz-ville-trains-sncf-cfl\" title=\"gare bettembourg nancy ville metz ville itin\u00e9raire trains cfl sncf\" style=\"color:white; text-decoration:none;\">Nancy-Ville-Metz-Ville<\/a><\/div>\n<div id=\"rcorners1\" style=\"float:left;\"><a target=\"_parent\" href=\"https:\/\/infotrain.online\/fr\/itineraire-metz-ville-nancy-ville-trains-sncf-cfl\" title=\"gare bettembourg metz ville nancy ville itin\u00e9raire trains cfl sncf\" style=\"color:white; text-decoration:none;\">Metz-Ville-Nancy-Ville<\/a><\/div>\n<\/div>\n<\/center>\n<div style=\"width: 100%; padding: 20px 10px 10px 0\">\n<\/div>\n<\/div>\n<\/section>\n<div style=\"height: 60px;\"><\/div>\n<p>Partager cette page avec:<\/p>\n","protected":false},"excerpt":{"rendered":"<p>INFOTRAIN PREDICT &ndash; INFO TRAFIC PR&Eacute;DICTIF DE LA LIGNE 90 &ndash; NANCY-METZ-LUXEMBOURG [insert_php] $ligne = &rsquo;90&rsquo;; include(&lsquo;.\/..\/extract-table-bigdata-trains-lu-predictions.php&rsquo;); [\/insert_php]<\/p>\n","protected":false},"author":1,"featured_media":0,"parent":0,"menu_order":0,"comment_status":"closed","ping_status":"closed","template":"","meta":{"footnotes":""},"class_list":["post-172","page","type-page","status-publish","hentry"],"_links":{"self":[{"href":"https:\/\/infotrain.online\/fr\/wp-json\/wp\/v2\/pages\/172"}],"collection":[{"href":"https:\/\/infotrain.online\/fr\/wp-json\/wp\/v2\/pages"}],"about":[{"href":"https:\/\/infotrain.online\/fr\/wp-json\/wp\/v2\/types\/page"}],"author":[{"embeddable":true,"href":"https:\/\/infotrain.online\/fr\/wp-json\/wp\/v2\/users\/1"}],"replies":[{"embeddable":true,"href":"https:\/\/infotrain.online\/fr\/wp-json\/wp\/v2\/comments?post=172"}],"version-history":[{"count":27,"href":"https:\/\/infotrain.online\/fr\/wp-json\/wp\/v2\/pages\/172\/revisions"}],"predecessor-version":[{"id":12389,"href":"https:\/\/infotrain.online\/fr\/wp-json\/wp\/v2\/pages\/172\/revisions\/12389"}],"wp:attachment":[{"href":"https:\/\/infotrain.online\/fr\/wp-json\/wp\/v2\/media?parent=172"}],"curies":[{"name":"wp","href":"https:\/\/api.w.org\/{rel}","templated":true}]}}