{"id":9094,"date":"2022-09-23T10:47:00","date_gmt":"2022-09-23T08:47:00","guid":{"rendered":"https:\/\/infotrain.online\/fr\/?page_id=9094"},"modified":"2023-01-12T18:10:15","modified_gmt":"2023-01-12T17:10:15","slug":"covoit-lu-covoiturage-luxembourg-grande-region","status":"publish","type":"page","link":"https:\/\/infotrain.online\/fr\/covoit-lu-covoiturage-luxembourg-grande-region\/","title":{"rendered":"Covoit.lu &#8211; Covoiturage Luxembourg et Grande R\u00e9gion"},"content":{"rendered":"<p class=\"article-infotrain\"><a href=\"http:\/\/covoit.lu\" title=\"covoiturage luxembourg covoit.lu thionville metz longwy arlon\">Covoit.lu by Infotrain<\/a> est la plateforme de covoiturage au Luxembourg et en Grande R\u00e9gion.<br \/>\n<a href=\"http:\/\/covoit.lu\" title=\"covoiturage luxembourg covoit.lu thionville metz longwy arlon\">Covoit.lu by Infotrain<\/a> est un service 100% gratuit pour un covoiturage au quotidien ou bien ponctuellement en p\u00e9riode de perturbations CFL, SNCF, SNCB ou DB.<\/p>\n<p class=\"article-infotrain\">Notre objectif est de fluidifier le trafic quotidien et de ne pas vous laisser sans solution en cas de forte perturbation ferroviaire.<\/p>\n<h1 class=\"article-infotrain\"><b><u>Comment marche Covoit.lu?<\/u><\/b><\/h1>\n<p class=\"article-infotrain\">1 &#8211; Sur les r\u00e9seaux sociaux, suivez le fil Infotrain sur Twitter qui correspond \u00e0 votre ligne, c&rsquo;est l\u00e0 que la communaut\u00e9 la plus \u00e0 m\u00eame de r\u00e9pondre \u00e0 votre offre ou demande de covoiturage est la plus forte.<br \/>\n2 &#8211; Dans votre message <b><u>mentionnez #covoit.lu<\/u><\/b> et taguez la ligne qui vous correspond, par exemple:<br \/>\n\u2192 @InfotrainLU90 pour la ligne Nancy-Metz-Thionville-Luxembourg<br \/>\n\u2192 @InfotrainLU70 pour la ligne Athus\/Longwy-Rodange-P\u00e9tange-Luxembourg<br \/>\n\u2192 @InfotrainLU50 pour la ligne Arlon-Kleinbettingen-Luxembourg<br \/>\n\u2192 @InfotrainLU10 pour la ligne Gouvy-Ettelbruck\/Diekirch-Luxembourg<br \/>\net indiquez le nombre de places demand\u00e9es ou offertes, l\u2019heure et le lieu du d\u00e9part, le lieu d\u2019arriv\u00e9e.<br \/>\n3 &#8211; Infotrain transmettra votre message aux autres abonn\u00e9s.<\/p>\n<p class=\"article-infotrain\">Partager cette page avec:<\/p>\n","protected":false},"excerpt":{"rendered":"<p>Covoit.lu by Infotrain est la plateforme de covoiturage au Luxembourg et en Grande R&eacute;gion. Covoit.lu by Infotrain est<\/p>\n","protected":false},"author":1,"featured_media":0,"parent":0,"menu_order":0,"comment_status":"closed","ping_status":"closed","template":"","meta":{"footnotes":""},"class_list":["post-9094","page","type-page","status-publish","hentry"],"_links":{"self":[{"href":"https:\/\/infotrain.online\/fr\/wp-json\/wp\/v2\/pages\/9094"}],"collection":[{"href":"https:\/\/infotrain.online\/fr\/wp-json\/wp\/v2\/pages"}],"about":[{"href":"https:\/\/infotrain.online\/fr\/wp-json\/wp\/v2\/types\/page"}],"author":[{"embeddable":true,"href":"https:\/\/infotrain.online\/fr\/wp-json\/wp\/v2\/users\/1"}],"replies":[{"embeddable":true,"href":"https:\/\/infotrain.online\/fr\/wp-json\/wp\/v2\/comments?post=9094"}],"version-history":[{"count":31,"href":"https:\/\/infotrain.online\/fr\/wp-json\/wp\/v2\/pages\/9094\/revisions"}],"predecessor-version":[{"id":9972,"href":"https:\/\/infotrain.online\/fr\/wp-json\/wp\/v2\/pages\/9094\/revisions\/9972"}],"wp:attachment":[{"href":"https:\/\/infotrain.online\/fr\/wp-json\/wp\/v2\/media?parent=9094"}],"curies":[{"name":"wp","href":"https:\/\/api.w.org\/{rel}","templated":true}]}}